{"id":72,"date":"2023-08-29T15:34:15","date_gmt":"2023-08-29T15:34:15","guid":{"rendered":"https:\/\/xn--moosschtzen-zhb.de\/?page_id=72"},"modified":"2023-08-29T15:58:44","modified_gmt":"2023-08-29T15:58:44","slug":"moosboellerer","status":"publish","type":"page","link":"https:\/\/xn--moosschtzen-zhb.de\/?page_id=72","title":{"rendered":"Moosb\u00f6llerer"},"content":{"rendered":"\n<p>Die Gr\u00fcndungsmannschaft<\/p>\n\n\n\n<figure class=\"wp-block-image alignfull size-full is-style-default\"><img loading=\"lazy\" decoding=\"async\" width=\"600\" height=\"396\" src=\"https:\/\/xn--moosschtzen-zhb.de\/wp-content\/uploads\/2023\/08\/Moosboellerer-2002-3613999.jpg\" alt=\"\" class=\"wp-image-73\" srcset=\"https:\/\/xn--moosschtzen-zhb.de\/wp-content\/uploads\/2023\/08\/Moosboellerer-2002-3613999.jpg 600w, https:\/\/xn--moosschtzen-zhb.de\/wp-content\/uploads\/2023\/08\/Moosboellerer-2002-3613999-300x198.jpg 300w\" sizes=\"auto, (max-width: 600px) 100vw, 600px\" \/><\/figure>\n\n\n<p style=\"text-align: center;\">Von Links: Sepp H\u00f6hn, Toni Buschbacher (2013 verstorben), Wast Hering, Michi Schweiger, Hans Sch\u00f6nhuber, Christian Lindner, Michi Lex<\/p>\n<p style=\"text-align: center;\">Vordere Reihe: Manfred Lex, Peter Josenhans, Bernhard Lex (2020 verstorben).<\/p>\n<p style=\"text-align: center;\">Noch nicht im Bild sind: <br \/>Willi H\u00fcbner, Sepp Linner, Sepp Voit (der aktueller Kommandant), Kurt Ruhland, Werner D\u00fcrnegger, Thorsten Bernritter und Michi Reichenauer.<br \/>Sie sind sp\u00e4ter hinzugekommen.<\/p>\n\n\n<p class=\"has-text-align-center\">Unser Kommandant Sepp Voit ist per Email zu erreichen unter:<\/p>\n\n\n\n<p class=\"has-text-align-center\">Boeller@xn--moosschtzen-zhb.de <\/p>\n\n\n\n<div data-wp-interactive=\"core\/file\" class=\"wp-block-file\"><object data-wp-bind--hidden=\"!state.hasPdfPreview\" hidden class=\"wp-block-file__embed\" data=\"https:\/\/xn--moosschtzen-zhb.de\/wp-content\/uploads\/2023\/08\/BoellerordnungStand2020.pdf\" type=\"application\/pdf\" style=\"width:100%;height:600px\" aria-label=\"Einbettung von BoellerordnungStand2020.\"><\/object><a id=\"wp-block-file--media-b4afcc34-6f95-4ec8-b059-3482b63cedfe\" href=\"https:\/\/xn--moosschtzen-zhb.de\/wp-content\/uploads\/2023\/08\/BoellerordnungStand2020.pdf\">BoellerordnungStand2020<\/a><a href=\"https:\/\/xn--moosschtzen-zhb.de\/wp-content\/uploads\/2023\/08\/BoellerordnungStand2020.pdf\" class=\"wp-block-file__button wp-element-button\" download aria-describedby=\"wp-block-file--media-b4afcc34-6f95-4ec8-b059-3482b63cedfe\">Herunterladen<\/a><\/div>\n\n\n\n<div data-wp-interactive=\"core\/file\" class=\"wp-block-file\"><object data-wp-bind--hidden=\"!state.hasPdfPreview\" hidden class=\"wp-block-file__embed\" data=\"https:\/\/xn--moosschtzen-zhb.de\/wp-content\/uploads\/2023\/08\/Empfehlungen-fuer-sicheres-Boellern.pdf\" type=\"application\/pdf\" style=\"width:100%;height:600px\" aria-label=\"Einbettung von Empfehlungen-fuer-sicheres-Boellern.\"><\/object><a id=\"wp-block-file--media-3261c82f-d997-4b06-afe6-e8f44ef45b33\" href=\"https:\/\/xn--moosschtzen-zhb.de\/wp-content\/uploads\/2023\/08\/Empfehlungen-fuer-sicheres-Boellern.pdf\">Empfehlungen-fuer-sicheres-Boellern<\/a><a href=\"https:\/\/xn--moosschtzen-zhb.de\/wp-content\/uploads\/2023\/08\/Empfehlungen-fuer-sicheres-Boellern.pdf\" class=\"wp-block-file__button wp-element-button\" download aria-describedby=\"wp-block-file--media-3261c82f-d997-4b06-afe6-e8f44ef45b33\">Herunterladen<\/a><\/div>\n\n\n\n<div data-wp-interactive=\"core\/file\" class=\"wp-block-file\"><object data-wp-bind--hidden=\"!state.hasPdfPreview\" hidden class=\"wp-block-file__embed\" data=\"https:\/\/xn--moosschtzen-zhb.de\/wp-content\/uploads\/2023\/08\/Boellern_in_Oberbayern.pdf\" type=\"application\/pdf\" style=\"width:100%;height:600px\" aria-label=\"Einbettung von Boellern_in_Oberbayern.\"><\/object><a id=\"wp-block-file--media-a6958090-38c4-45bd-afd0-73e64e15e0cb\" href=\"https:\/\/xn--moosschtzen-zhb.de\/wp-content\/uploads\/2023\/08\/Boellern_in_Oberbayern.pdf\">Boellern_in_Oberbayern<\/a><a href=\"https:\/\/xn--moosschtzen-zhb.de\/wp-content\/uploads\/2023\/08\/Boellern_in_Oberbayern.pdf\" class=\"wp-block-file__button wp-element-button\" download aria-describedby=\"wp-block-file--media-a6958090-38c4-45bd-afd0-73e64e15e0cb\">Herunterladen<\/a><\/div>\n\n\n\n<p><\/p>\n\n\n\n<p><\/p>\n","protected":false},"excerpt":{"rendered":"<p>Die Gr\u00fcndungsmannschaft Von Links: Sepp H\u00f6hn, Toni Buschbacher (2013 verstorben), Wast Hering, Michi Schweiger, Hans Sch\u00f6nhuber, Christian Lindner, Michi Lex Vordere Reihe: Manfred Lex, Peter Josenhans, Bernhard Lex (2020 verstorben). Noch nicht im Bild sind: Willi H\u00fcbner, Sepp Linner, Sepp Voit (der aktueller Kommandant), Kurt Ruhland, Werner D\u00fcrnegger, Thorsten Bernritter und Michi Reichenauer.Sie sind sp\u00e4ter [&hellip;]<\/p>\n","protected":false},"author":1,"featured_media":0,"parent":60,"menu_order":4,"comment_status":"closed","ping_status":"closed","template":"","meta":{"footnotes":""},"class_list":["post-72","page","type-page","status-publish","hentry"],"_links":{"self":[{"href":"https:\/\/xn--moosschtzen-zhb.de\/index.php?rest_route=\/wp\/v2\/pages\/72","targetHints":{"allow":["GET"]}}],"collection":[{"href":"https:\/\/xn--moosschtzen-zhb.de\/index.php?rest_route=\/wp\/v2\/pages"}],"about":[{"href":"https:\/\/xn--moosschtzen-zhb.de\/index.php?rest_route=\/wp\/v2\/types\/page"}],"author":[{"embeddable":true,"href":"https:\/\/xn--moosschtzen-zhb.de\/index.php?rest_route=\/wp\/v2\/users\/1"}],"replies":[{"embeddable":true,"href":"https:\/\/xn--moosschtzen-zhb.de\/index.php?rest_route=%2Fwp%2Fv2%2Fcomments&post=72"}],"version-history":[{"count":9,"href":"https:\/\/xn--moosschtzen-zhb.de\/index.php?rest_route=\/wp\/v2\/pages\/72\/revisions"}],"predecessor-version":[{"id":88,"href":"https:\/\/xn--moosschtzen-zhb.de\/index.php?rest_route=\/wp\/v2\/pages\/72\/revisions\/88"}],"up":[{"embeddable":true,"href":"https:\/\/xn--moosschtzen-zhb.de\/index.php?rest_route=\/wp\/v2\/pages\/60"}],"wp:attachment":[{"href":"https:\/\/xn--moosschtzen-zhb.de\/index.php?rest_route=%2Fwp%2Fv2%2Fmedia&parent=72"}],"curies":[{"name":"wp","href":"https:\/\/api.w.org\/{rel}","templated":true}]}}