{"id":68,"date":"2023-08-28T12:17:04","date_gmt":"2023-08-28T12:17:04","guid":{"rendered":"https:\/\/xn--moosschtzen-zhb.de\/?page_id=68"},"modified":"2026-01-10T15:04:37","modified_gmt":"2026-01-10T15:04:37","slug":"termine","status":"publish","type":"page","link":"https:\/\/xn--moosschtzen-zhb.de\/?page_id=68","title":{"rendered":"Termine"},"content":{"rendered":"\n<p><strong>Jahreshauptversammlung<\/strong> ist am Samstag den 10.01.2026 um 19:30 Uhr<br>im Gasthaus Widemann in Eggst\u00e4tt<\/p>\n\n\n\n<p>01.01.2026 15h Neujahrsb\u00f6llern in H\u00f6slwang<\/p>\n\n\n\n<p>03.01.2026 \u00dcbungsschie\u00dfen<\/p>\n\n\n\n<p>10.01.2026 JHV<\/p>\n\n\n\n<p>17.01.2026 K\u00f6nigschie\u00dfen f\u00fcr Zimmerstutzen 17-21 Uhr und \u00dcbungsschie\u00dfen<\/p>\n\n\n\n<p>Do 22. bis So 25.01.2026 Eggst\u00e4tter K\u00f6nigschie\u00dfen <\/p>\n\n\n\n<p>31.01.2026 Preisverteilung K\u00f6nigschie\u00dfen<\/p>\n\n\n\n<p>07.02.2026 \u00dcbungsschie\u00dfen<\/p>\n\n\n\n<p>14.02.2026 Gaudischie\u00dfen<\/p>\n\n\n\n<p>21.02.2026 \u00dcbungsschie\u00dfen<\/p>\n\n\n\n<p>28.02.2026 \u00dcbungsschie\u00dfen<\/p>\n\n\n\n<p>07.03.2026 \u00dcbungsschie\u00dfen<\/p>\n\n\n\n<p>28.03.2026 \u00dcbungsschie\u00dfen<\/p>\n\n\n\n<p>04.04.2026 Endschie\u00dfen<\/p>\n\n\n\n<p>11.04.2026 Jahrespreisverteilung und Abschlu\u00dfessen <\/p>\n\n\n\n<p>04.05.2026 Fronleichnam mit Prozession<\/p>\n\n\n\n<p>03.10.2026 Anfangsschie\u00dfen<\/p>\n\n\n\n<p>17.10.2026 \u00dcbungsschie\u00dfen<\/p>\n\n\n\n<p>24.10.2026 \u00dcbungsschie\u00dfen<\/p>\n\n\n\n<p>30.10.2026 \u00dcbungsschie\u00dfen<\/p>\n\n\n\n<p>07.11.2026 \u00dcbungsschie\u00dfen<\/p>\n\n\n\n<p>28.12.2026 Nu\u00dfnschie\u00dfen<\/p>\n\n\n\n<p>04.12 &#8211; 06.12.2026 Weihnachtsmarkt<\/p>\n\n\n\n<p>12.12.2026 \u00dcbungsschie\u00dfen<\/p>\n\n\n\n<p>19.12.2026 Pakerlschie\u00dfen<\/p>\n\n\n\n<p>24.12.2026 Christkind Anb\u00f6llern in Breitbrunn (15:00 Uhr)<br><\/p>\n\n\n\n<ol start=\"15\" class=\"wp-block-list\">\n<li><\/li>\n<\/ol>\n\n\n\n<div class=\"wp-block-file\"><a href=\"https:\/\/xn--moosschtzen-zhb.de\/wp-content\/uploads\/2024\/01\/Moostermine-2024.pdf\" class=\"wp-block-file__button wp-element-button\" download>Herunterladen<\/a><\/div>\n","protected":false},"excerpt":{"rendered":"<p>Jahreshauptversammlung ist am Samstag den 10.01.2026 um 19:30 Uhrim Gasthaus Widemann in Eggst\u00e4tt 01.01.2026 15h Neujahrsb\u00f6llern in H\u00f6slwang 03.01.2026 \u00dcbungsschie\u00dfen 10.01.2026 JHV 17.01.2026 K\u00f6nigschie\u00dfen f\u00fcr Zimmerstutzen 17-21 Uhr und \u00dcbungsschie\u00dfen Do 22. bis So 25.01.2026 Eggst\u00e4tter K\u00f6nigschie\u00dfen 31.01.2026 Preisverteilung K\u00f6nigschie\u00dfen 07.02.2026 \u00dcbungsschie\u00dfen 14.02.2026 Gaudischie\u00dfen 21.02.2026 \u00dcbungsschie\u00dfen 28.02.2026 \u00dcbungsschie\u00dfen 07.03.2026 \u00dcbungsschie\u00dfen 28.03.2026 \u00dcbungsschie\u00dfen 04.04.2026 Endschie\u00dfen 11.04.2026 [&hellip;]<\/p>\n","protected":false},"author":1,"featured_media":0,"parent":60,"menu_order":2,"comment_status":"closed","ping_status":"closed","template":"","meta":{"footnotes":""},"class_list":["post-68","page","type-page","status-publish","hentry"],"_links":{"self":[{"href":"https:\/\/xn--moosschtzen-zhb.de\/index.php?rest_route=\/wp\/v2\/pages\/68","targetHints":{"allow":["GET"]}}],"collection":[{"href":"https:\/\/xn--moosschtzen-zhb.de\/index.php?rest_route=\/wp\/v2\/pages"}],"about":[{"href":"https:\/\/xn--moosschtzen-zhb.de\/index.php?rest_route=\/wp\/v2\/types\/page"}],"author":[{"embeddable":true,"href":"https:\/\/xn--moosschtzen-zhb.de\/index.php?rest_route=\/wp\/v2\/users\/1"}],"replies":[{"embeddable":true,"href":"https:\/\/xn--moosschtzen-zhb.de\/index.php?rest_route=%2Fwp%2Fv2%2Fcomments&post=68"}],"version-history":[{"count":11,"href":"https:\/\/xn--moosschtzen-zhb.de\/index.php?rest_route=\/wp\/v2\/pages\/68\/revisions"}],"predecessor-version":[{"id":141,"href":"https:\/\/xn--moosschtzen-zhb.de\/index.php?rest_route=\/wp\/v2\/pages\/68\/revisions\/141"}],"up":[{"embeddable":true,"href":"https:\/\/xn--moosschtzen-zhb.de\/index.php?rest_route=\/wp\/v2\/pages\/60"}],"wp:attachment":[{"href":"https:\/\/xn--moosschtzen-zhb.de\/index.php?rest_route=%2Fwp%2Fv2%2Fmedia&parent=68"}],"curies":[{"name":"wp","href":"https:\/\/api.w.org\/{rel}","templated":true}]}}