{"id":50,"date":"2026-01-10T15:10:32","date_gmt":"2026-01-10T15:10:32","guid":{"rendered":"https:\/\/xn--moosschtzen-zhb.de\/?page_id=50"},"modified":"2026-02-02T07:54:47","modified_gmt":"2026-02-02T07:54:47","slug":"koenigschiessen-2026","status":"publish","type":"page","link":"https:\/\/xn--moosschtzen-zhb.de\/?page_id=50","title":{"rendered":"K\u00f6nigschie\u00dfen 2026"},"content":{"rendered":"\n<div data-wp-interactive=\"core\/file\" class=\"wp-block-file\"><object data-wp-bind--hidden=\"!state.hasPdfPreview\" hidden class=\"wp-block-file__embed\" data=\"https:\/\/xn--moosschtzen-zhb.de\/wp-content\/uploads\/2026\/02\/Koenige-Koenigschiessen-2026.pdf\" type=\"application\/pdf\" style=\"width:100%;height:600px\" aria-label=\"Einbettung von K\u00f6nige K\u00f6nigschie\u00dfen 2026.\"><\/object><a id=\"wp-block-file--media-7e68c38e-4647-474b-83f2-1e693bc3c55b\" href=\"https:\/\/xn--moosschtzen-zhb.de\/wp-content\/uploads\/2026\/02\/Koenige-Koenigschiessen-2026.pdf\">K\u00f6nige K\u00f6nigschie\u00dfen 2026<\/a><a href=\"https:\/\/xn--moosschtzen-zhb.de\/wp-content\/uploads\/2026\/02\/Koenige-Koenigschiessen-2026.pdf\" class=\"wp-block-file__button wp-element-button\" download aria-describedby=\"wp-block-file--media-7e68c38e-4647-474b-83f2-1e693bc3c55b\">Herunterladen<\/a><\/div>\n\n\n\n<div data-wp-interactive=\"core\/file\" class=\"wp-block-file\"><object data-wp-bind--hidden=\"!state.hasPdfPreview\" hidden class=\"wp-block-file__embed\" data=\"https:\/\/xn--moosschtzen-zhb.de\/wp-content\/uploads\/2026\/02\/Gesamtliste-Koenigschiessen-2026.pdf\" type=\"application\/pdf\" style=\"width:100%;height:600px\" aria-label=\"Einbettung von Gesamtliste K\u00f6nigschie\u00dfen 2026.\"><\/object><a id=\"wp-block-file--media-2814d090-a734-4a23-b789-0de8646921bf\" href=\"https:\/\/xn--moosschtzen-zhb.de\/wp-content\/uploads\/2026\/02\/Gesamtliste-Koenigschiessen-2026.pdf\">Gesamtliste K\u00f6nigschie\u00dfen 2026<\/a><a href=\"https:\/\/xn--moosschtzen-zhb.de\/wp-content\/uploads\/2026\/02\/Gesamtliste-Koenigschiessen-2026.pdf\" class=\"wp-block-file__button wp-element-button\" download aria-describedby=\"wp-block-file--media-2814d090-a734-4a23-b789-0de8646921bf\">Herunterladen<\/a><\/div>\n\n\n\n<div data-wp-interactive=\"core\/file\" class=\"wp-block-file\"><object data-wp-bind--hidden=\"!state.hasPdfPreview\" hidden class=\"wp-block-file__embed\" data=\"https:\/\/xn--moosschtzen-zhb.de\/wp-content\/uploads\/2026\/02\/Gesamtliste-Zistu-Koenigschiessen-2026.pdf\" type=\"application\/pdf\" style=\"width:100%;height:600px\" aria-label=\"Einbettung von Gesamtliste Zistu K\u00f6nigschie\u00dfen 2026.\"><\/object><a id=\"wp-block-file--media-2c03dad7-6ca8-4d50-922d-16b74e51f7df\" href=\"https:\/\/xn--moosschtzen-zhb.de\/wp-content\/uploads\/2026\/02\/Gesamtliste-Zistu-Koenigschiessen-2026.pdf\">Gesamtliste Zistu K\u00f6nigschie\u00dfen 2026<\/a><a href=\"https:\/\/xn--moosschtzen-zhb.de\/wp-content\/uploads\/2026\/02\/Gesamtliste-Zistu-Koenigschiessen-2026.pdf\" class=\"wp-block-file__button wp-element-button\" download aria-describedby=\"wp-block-file--media-2c03dad7-6ca8-4d50-922d-16b74e51f7df\">Herunterladen<\/a><\/div>\n\n\n\n<div data-wp-interactive=\"core\/file\" class=\"wp-block-file\"><object data-wp-bind--hidden=\"!state.hasPdfPreview\" hidden class=\"wp-block-file__embed\" data=\"https:\/\/xn--moosschtzen-zhb.de\/wp-content\/uploads\/2026\/02\/Adlerwertung-Zistu-Koenigschiessen-2026.pdf\" type=\"application\/pdf\" style=\"width:100%;height:600px\" aria-label=\"Einbettung von Adlerwertung Zistu K\u00f6nigschie\u00dfen 2026.\"><\/object><a id=\"wp-block-file--media-0f2f830d-493c-4445-99ad-104ef24ee951\" href=\"https:\/\/xn--moosschtzen-zhb.de\/wp-content\/uploads\/2026\/02\/Adlerwertung-Zistu-Koenigschiessen-2026.pdf\">Adlerwertung Zistu K\u00f6nigschie\u00dfen 2026<\/a><a href=\"https:\/\/xn--moosschtzen-zhb.de\/wp-content\/uploads\/2026\/02\/Adlerwertung-Zistu-Koenigschiessen-2026.pdf\" class=\"wp-block-file__button wp-element-button\" download aria-describedby=\"wp-block-file--media-0f2f830d-493c-4445-99ad-104ef24ee951\">Herunterladen<\/a><\/div>\n\n\n\n<div data-wp-interactive=\"core\/file\" class=\"wp-block-file\"><object data-wp-bind--hidden=\"!state.hasPdfPreview\" hidden class=\"wp-block-file__embed\" data=\"https:\/\/xn--moosschtzen-zhb.de\/wp-content\/uploads\/2026\/02\/Beteiligung-Koenigschiessen-2026.pdf\" type=\"application\/pdf\" style=\"width:100%;height:600px\" aria-label=\"Einbettung von Beteiligung K\u00f6nigschie\u00dfen 2026.\"><\/object><a id=\"wp-block-file--media-cb0cafb6-d844-4228-b09a-17b77d4986ac\" href=\"https:\/\/xn--moosschtzen-zhb.de\/wp-content\/uploads\/2026\/02\/Beteiligung-Koenigschiessen-2026.pdf\">Beteiligung K\u00f6nigschie\u00dfen 2026<\/a><a href=\"https:\/\/xn--moosschtzen-zhb.de\/wp-content\/uploads\/2026\/02\/Beteiligung-Koenigschiessen-2026.pdf\" class=\"wp-block-file__button wp-element-button\" download aria-describedby=\"wp-block-file--media-cb0cafb6-d844-4228-b09a-17b77d4986ac\">Herunterladen<\/a><\/div>\n\n\n\n<div data-wp-interactive=\"core\/file\" class=\"wp-block-file\"><object data-wp-bind--hidden=\"!state.hasPdfPreview\" hidden class=\"wp-block-file__embed\" data=\"https:\/\/xn--moosschtzen-zhb.de\/wp-content\/uploads\/2026\/02\/Adlerwertung-Zistu-Koenigschiessen-2026-1.pdf\" type=\"application\/pdf\" style=\"width:100%;height:600px\" aria-label=\"Einbettung von Adlerwertung Zistu K\u00f6nigschie\u00dfen 2026.\"><\/object><a id=\"wp-block-file--media-4d32679f-7815-4aba-a23d-1e2d732e4979\" href=\"https:\/\/xn--moosschtzen-zhb.de\/wp-content\/uploads\/2026\/02\/Adlerwertung-Zistu-Koenigschiessen-2026-1.pdf\">Adlerwertung Zistu K\u00f6nigschie\u00dfen 2026<\/a><a href=\"https:\/\/xn--moosschtzen-zhb.de\/wp-content\/uploads\/2026\/02\/Adlerwertung-Zistu-Koenigschiessen-2026-1.pdf\" class=\"wp-block-file__button wp-element-button\" download aria-describedby=\"wp-block-file--media-4d32679f-7815-4aba-a23d-1e2d732e4979\">Herunterladen<\/a><\/div>\n\n\n\n<div data-wp-interactive=\"core\/file\" class=\"wp-block-file\"><object data-wp-bind--hidden=\"!state.hasPdfPreview\" hidden class=\"wp-block-file__embed\" data=\"https:\/\/xn--moosschtzen-zhb.de\/wp-content\/uploads\/2026\/02\/Meister-Jugend-LG-LP-Koenigschiessen-2026.pdf\" type=\"application\/pdf\" style=\"width:100%;height:600px\" aria-label=\"Einbettung von Meister Jugend LG LP K\u00f6nigschie\u00dfen 2026.\"><\/object><a id=\"wp-block-file--media-14dc18c0-c91f-416c-939f-03b3a43a483b\" href=\"https:\/\/xn--moosschtzen-zhb.de\/wp-content\/uploads\/2026\/02\/Meister-Jugend-LG-LP-Koenigschiessen-2026.pdf\">Meister Jugend LG LP K\u00f6nigschie\u00dfen 2026<\/a><a href=\"https:\/\/xn--moosschtzen-zhb.de\/wp-content\/uploads\/2026\/02\/Meister-Jugend-LG-LP-Koenigschiessen-2026.pdf\" class=\"wp-block-file__button wp-element-button\" download aria-describedby=\"wp-block-file--media-14dc18c0-c91f-416c-939f-03b3a43a483b\">Herunterladen<\/a><\/div>\n\n\n\n<div data-wp-interactive=\"core\/file\" class=\"wp-block-file\"><object data-wp-bind--hidden=\"!state.hasPdfPreview\" hidden class=\"wp-block-file__embed\" data=\"https:\/\/xn--moosschtzen-zhb.de\/wp-content\/uploads\/2026\/02\/Meister-LG-Auflage-Koenigschiessen.pdf\" type=\"application\/pdf\" style=\"width:100%;height:600px\" aria-label=\"Einbettung von Meister LG Auflage K\u00f6nigschie\u00dfen.\"><\/object><a id=\"wp-block-file--media-61e262f6-5e7a-47e8-ba23-6cde839ac603\" href=\"https:\/\/xn--moosschtzen-zhb.de\/wp-content\/uploads\/2026\/02\/Meister-LG-Auflage-Koenigschiessen.pdf\">Meister LG Auflage K\u00f6nigschie\u00dfen<\/a><a href=\"https:\/\/xn--moosschtzen-zhb.de\/wp-content\/uploads\/2026\/02\/Meister-LG-Auflage-Koenigschiessen.pdf\" class=\"wp-block-file__button wp-element-button\" download aria-describedby=\"wp-block-file--media-61e262f6-5e7a-47e8-ba23-6cde839ac603\">Herunterladen<\/a><\/div>\n\n\n\n<div data-wp-interactive=\"core\/file\" class=\"wp-block-file\"><object data-wp-bind--hidden=\"!state.hasPdfPreview\" hidden class=\"wp-block-file__embed\" data=\"https:\/\/xn--moosschtzen-zhb.de\/wp-content\/uploads\/2026\/02\/Meister-LG-Damen-Koenigschiessen-2026.pdf\" type=\"application\/pdf\" style=\"width:100%;height:600px\" aria-label=\"Einbettung von Meister LG Damen K\u00f6nigschie\u00dfen 2026.\"><\/object><a id=\"wp-block-file--media-b1b72c28-c6f1-48d7-9751-de9d7b3fec69\" href=\"https:\/\/xn--moosschtzen-zhb.de\/wp-content\/uploads\/2026\/02\/Meister-LG-Damen-Koenigschiessen-2026.pdf\">Meister LG Damen K\u00f6nigschie\u00dfen 2026<\/a><a href=\"https:\/\/xn--moosschtzen-zhb.de\/wp-content\/uploads\/2026\/02\/Meister-LG-Damen-Koenigschiessen-2026.pdf\" class=\"wp-block-file__button wp-element-button\" download aria-describedby=\"wp-block-file--media-b1b72c28-c6f1-48d7-9751-de9d7b3fec69\">Herunterladen<\/a><\/div>\n\n\n\n<div data-wp-interactive=\"core\/file\" class=\"wp-block-file\"><object data-wp-bind--hidden=\"!state.hasPdfPreview\" hidden class=\"wp-block-file__embed\" data=\"https:\/\/xn--moosschtzen-zhb.de\/wp-content\/uploads\/2026\/02\/Meister-LG-Schuetzen-Koenigschiessen-2026.pdf\" type=\"application\/pdf\" style=\"width:100%;height:600px\" aria-label=\"Einbettung von Meister LG Sch\u00fctzen K\u00f6nigschie\u00dfen 2026.\"><\/object><a id=\"wp-block-file--media-c362f7fd-5e1e-4199-9ba3-9afc916fd142\" href=\"https:\/\/xn--moosschtzen-zhb.de\/wp-content\/uploads\/2026\/02\/Meister-LG-Schuetzen-Koenigschiessen-2026.pdf\">Meister LG Sch\u00fctzen K\u00f6nigschie\u00dfen 2026<\/a><a href=\"https:\/\/xn--moosschtzen-zhb.de\/wp-content\/uploads\/2026\/02\/Meister-LG-Schuetzen-Koenigschiessen-2026.pdf\" class=\"wp-block-file__button wp-element-button\" download aria-describedby=\"wp-block-file--media-c362f7fd-5e1e-4199-9ba3-9afc916fd142\">Herunterladen<\/a><\/div>\n\n\n\n<div data-wp-interactive=\"core\/file\" class=\"wp-block-file\"><object data-wp-bind--hidden=\"!state.hasPdfPreview\" hidden class=\"wp-block-file__embed\" data=\"https:\/\/xn--moosschtzen-zhb.de\/wp-content\/uploads\/2026\/02\/Meister-Licht-Koenigschiessen-2026.pdf\" type=\"application\/pdf\" style=\"width:100%;height:600px\" aria-label=\"Einbettung von Meister Licht K\u00f6nigschie\u00dfen 2026.\"><\/object><a id=\"wp-block-file--media-a4d1b35e-b915-47ca-b986-5b65cd7a04e4\" href=\"https:\/\/xn--moosschtzen-zhb.de\/wp-content\/uploads\/2026\/02\/Meister-Licht-Koenigschiessen-2026.pdf\">Meister Licht K\u00f6nigschie\u00dfen 2026<\/a><a href=\"https:\/\/xn--moosschtzen-zhb.de\/wp-content\/uploads\/2026\/02\/Meister-Licht-Koenigschiessen-2026.pdf\" class=\"wp-block-file__button wp-element-button\" download aria-describedby=\"wp-block-file--media-a4d1b35e-b915-47ca-b986-5b65cd7a04e4\">Herunterladen<\/a><\/div>\n\n\n\n<div data-wp-interactive=\"core\/file\" class=\"wp-block-file\"><object data-wp-bind--hidden=\"!state.hasPdfPreview\" hidden class=\"wp-block-file__embed\" data=\"https:\/\/xn--moosschtzen-zhb.de\/wp-content\/uploads\/2026\/02\/Meister-LP-Auflage-Koenigschiessen-2026.pdf\" type=\"application\/pdf\" style=\"width:100%;height:600px\" aria-label=\"Einbettung von Meister LP Auflage K\u00f6nigschie\u00dfen 2026.\"><\/object><a id=\"wp-block-file--media-a9be42c5-453d-4f8c-9c3b-505c9aa1a58a\" href=\"https:\/\/xn--moosschtzen-zhb.de\/wp-content\/uploads\/2026\/02\/Meister-LP-Auflage-Koenigschiessen-2026.pdf\">Meister LP Auflage K\u00f6nigschie\u00dfen 2026<\/a><a href=\"https:\/\/xn--moosschtzen-zhb.de\/wp-content\/uploads\/2026\/02\/Meister-LP-Auflage-Koenigschiessen-2026.pdf\" class=\"wp-block-file__button wp-element-button\" download aria-describedby=\"wp-block-file--media-a9be42c5-453d-4f8c-9c3b-505c9aa1a58a\">Herunterladen<\/a><\/div>\n\n\n\n<div data-wp-interactive=\"core\/file\" class=\"wp-block-file\"><object data-wp-bind--hidden=\"!state.hasPdfPreview\" hidden class=\"wp-block-file__embed\" data=\"https:\/\/xn--moosschtzen-zhb.de\/wp-content\/uploads\/2026\/02\/Meister-LP-Damen-Koenigschiessen-2026.pdf\" type=\"application\/pdf\" style=\"width:100%;height:600px\" aria-label=\"Einbettung von Meister LP Damen K\u00f6nigschie\u00dfen 2026.\"><\/object><a id=\"wp-block-file--media-7365140c-6302-4192-9ef4-3412c4f456ae\" href=\"https:\/\/xn--moosschtzen-zhb.de\/wp-content\/uploads\/2026\/02\/Meister-LP-Damen-Koenigschiessen-2026.pdf\">Meister LP Damen K\u00f6nigschie\u00dfen 2026<\/a><a href=\"https:\/\/xn--moosschtzen-zhb.de\/wp-content\/uploads\/2026\/02\/Meister-LP-Damen-Koenigschiessen-2026.pdf\" class=\"wp-block-file__button wp-element-button\" download aria-describedby=\"wp-block-file--media-7365140c-6302-4192-9ef4-3412c4f456ae\">Herunterladen<\/a><\/div>\n\n\n\n<div data-wp-interactive=\"core\/file\" class=\"wp-block-file\"><object data-wp-bind--hidden=\"!state.hasPdfPreview\" hidden class=\"wp-block-file__embed\" data=\"https:\/\/xn--moosschtzen-zhb.de\/wp-content\/uploads\/2026\/02\/Meister-LP-Schuetzen-Koenigschiessen-2026.pdf\" type=\"application\/pdf\" style=\"width:100%;height:600px\" aria-label=\"Einbettung von Meister LP Sch\u00fctzen K\u00f6nigschie\u00dfen 2026.\"><\/object><a id=\"wp-block-file--media-434226dc-af87-4c69-92ee-23bcf1ff3c36\" href=\"https:\/\/xn--moosschtzen-zhb.de\/wp-content\/uploads\/2026\/02\/Meister-LP-Schuetzen-Koenigschiessen-2026.pdf\">Meister LP Sch\u00fctzen K\u00f6nigschie\u00dfen 2026<\/a><a href=\"https:\/\/xn--moosschtzen-zhb.de\/wp-content\/uploads\/2026\/02\/Meister-LP-Schuetzen-Koenigschiessen-2026.pdf\" class=\"wp-block-file__button wp-element-button\" download aria-describedby=\"wp-block-file--media-434226dc-af87-4c69-92ee-23bcf1ff3c36\">Herunterladen<\/a><\/div>\n\n\n\n<div data-wp-interactive=\"core\/file\" class=\"wp-block-file\"><object data-wp-bind--hidden=\"!state.hasPdfPreview\" hidden class=\"wp-block-file__embed\" data=\"https:\/\/xn--moosschtzen-zhb.de\/wp-content\/uploads\/2026\/02\/Punkt-LG-Koenigschiessen-2026.pdf\" type=\"application\/pdf\" style=\"width:100%;height:600px\" aria-label=\"Einbettung von Punkt LG K\u00f6nigschie\u00dfen 2026.\"><\/object><a id=\"wp-block-file--media-ec9940ca-780d-4ea4-a9a0-b731b38b1678\" href=\"https:\/\/xn--moosschtzen-zhb.de\/wp-content\/uploads\/2026\/02\/Punkt-LG-Koenigschiessen-2026.pdf\">Punkt LG K\u00f6nigschie\u00dfen 2026<\/a><a href=\"https:\/\/xn--moosschtzen-zhb.de\/wp-content\/uploads\/2026\/02\/Punkt-LG-Koenigschiessen-2026.pdf\" class=\"wp-block-file__button wp-element-button\" download aria-describedby=\"wp-block-file--media-ec9940ca-780d-4ea4-a9a0-b731b38b1678\">Herunterladen<\/a><\/div>\n\n\n\n<div data-wp-interactive=\"core\/file\" class=\"wp-block-file\"><object data-wp-bind--hidden=\"!state.hasPdfPreview\" hidden class=\"wp-block-file__embed\" data=\"https:\/\/xn--moosschtzen-zhb.de\/wp-content\/uploads\/2026\/02\/Punkt-LP-Koenigschiessen-2026.pdf\" type=\"application\/pdf\" style=\"width:100%;height:600px\" aria-label=\"Einbettung von Punkt LP K\u00f6nigschie\u00dfen 2026.\"><\/object><a id=\"wp-block-file--media-8f0b2bc3-0fca-4f30-99b9-906ed410d5f0\" href=\"https:\/\/xn--moosschtzen-zhb.de\/wp-content\/uploads\/2026\/02\/Punkt-LP-Koenigschiessen-2026.pdf\">Punkt LP K\u00f6nigschie\u00dfen 2026<\/a><a href=\"https:\/\/xn--moosschtzen-zhb.de\/wp-content\/uploads\/2026\/02\/Punkt-LP-Koenigschiessen-2026.pdf\" class=\"wp-block-file__button wp-element-button\" download aria-describedby=\"wp-block-file--media-8f0b2bc3-0fca-4f30-99b9-906ed410d5f0\">Herunterladen<\/a><\/div>\n\n\n\n<p>Einladung zum K\u00f6nigschie\u00dfen<br>f\u00fcr Zimmerstutzen am 17. Jan. 2026<br>beim Unterwirt in Eggst\u00e4tt<\/p>\n\n\n\n<div data-wp-interactive=\"core\/file\" class=\"wp-block-file\"><object data-wp-bind--hidden=\"!state.hasPdfPreview\" hidden class=\"wp-block-file__embed\" data=\"https:\/\/xn--moosschtzen-zhb.de\/wp-content\/uploads\/2026\/01\/Koenigschiessen-Zistu-2026.pdf\" type=\"application\/pdf\" style=\"width:100%;height:600px\" aria-label=\"Einbettung von K\u00f6nigschie\u00dfen Zistu 2026.\"><\/object><a id=\"wp-block-file--media-0eec0013-0a0d-4d9f-b265-0e9789c826df\" href=\"https:\/\/xn--moosschtzen-zhb.de\/wp-content\/uploads\/2026\/01\/Koenigschiessen-Zistu-2026.pdf\">K\u00f6nigschie\u00dfen Zistu 2026<\/a><a href=\"https:\/\/xn--moosschtzen-zhb.de\/wp-content\/uploads\/2026\/01\/Koenigschiessen-Zistu-2026.pdf\" class=\"wp-block-file__button wp-element-button\" download aria-describedby=\"wp-block-file--media-0eec0013-0a0d-4d9f-b265-0e9789c826df\">Herunterladen<\/a><\/div>\n\n\n\n<p>Einladung zum Eggst\u00e4tter K\u00f6nigschie\u00dfen<br>f\u00fcr Luftgewehr und Luftpistole<br>vom 22.01. mit 25.01.2026<br>beim Unterwirt in Eggst\u00e4tt<\/p>\n\n\n\n<div data-wp-interactive=\"core\/file\" class=\"wp-block-file\"><object data-wp-bind--hidden=\"!state.hasPdfPreview\" hidden class=\"wp-block-file__embed\" data=\"https:\/\/xn--moosschtzen-zhb.de\/wp-content\/uploads\/2026\/01\/3te-Verbes.-Einladung-Koeschie-Moos-2026-2.pdf\" type=\"application\/pdf\" style=\"width:100%;height:600px\" aria-label=\"Einbettung von 3te Verbes. Einladung K\u00f6schie Moos 2026.\"><\/object><a id=\"wp-block-file--media-d8d83b04-51c3-4d35-90f0-ff82dbd58b73\" href=\"https:\/\/xn--moosschtzen-zhb.de\/wp-content\/uploads\/2026\/01\/3te-Verbes.-Einladung-Koeschie-Moos-2026-2.pdf\">3te Verbes. Einladung K\u00f6schie Moos 2026<\/a><a href=\"https:\/\/xn--moosschtzen-zhb.de\/wp-content\/uploads\/2026\/01\/3te-Verbes.-Einladung-Koeschie-Moos-2026-2.pdf\" class=\"wp-block-file__button wp-element-button\" download aria-describedby=\"wp-block-file--media-d8d83b04-51c3-4d35-90f0-ff82dbd58b73\">Herunterladen<\/a><\/div>\n","protected":false},"excerpt":{"rendered":"<p>Einladung zum K\u00f6nigschie\u00dfenf\u00fcr Zimmerstutzen am 17. Jan. 2026beim Unterwirt in Eggst\u00e4tt Einladung zum Eggst\u00e4tter K\u00f6nigschie\u00dfenf\u00fcr Luftgewehr und Luftpistolevom 22.01. mit 25.01.2026beim Unterwirt in Eggst\u00e4tt<\/p>\n","protected":false},"author":1,"featured_media":0,"parent":60,"menu_order":9,"comment_status":"closed","ping_status":"closed","template":"","meta":{"footnotes":""},"class_list":["post-50","page","type-page","status-publish","hentry"],"_links":{"self":[{"href":"https:\/\/xn--moosschtzen-zhb.de\/index.php?rest_route=\/wp\/v2\/pages\/50","targetHints":{"allow":["GET"]}}],"collection":[{"href":"https:\/\/xn--moosschtzen-zhb.de\/index.php?rest_route=\/wp\/v2\/pages"}],"about":[{"href":"https:\/\/xn--moosschtzen-zhb.de\/index.php?rest_route=\/wp\/v2\/types\/page"}],"author":[{"embeddable":true,"href":"https:\/\/xn--moosschtzen-zhb.de\/index.php?rest_route=\/wp\/v2\/users\/1"}],"replies":[{"embeddable":true,"href":"https:\/\/xn--moosschtzen-zhb.de\/index.php?rest_route=%2Fwp%2Fv2%2Fcomments&post=50"}],"version-history":[{"count":4,"href":"https:\/\/xn--moosschtzen-zhb.de\/index.php?rest_route=\/wp\/v2\/pages\/50\/revisions"}],"predecessor-version":[{"id":187,"href":"https:\/\/xn--moosschtzen-zhb.de\/index.php?rest_route=\/wp\/v2\/pages\/50\/revisions\/187"}],"up":[{"embeddable":true,"href":"https:\/\/xn--moosschtzen-zhb.de\/index.php?rest_route=\/wp\/v2\/pages\/60"}],"wp:attachment":[{"href":"https:\/\/xn--moosschtzen-zhb.de\/index.php?rest_route=%2Fwp%2Fv2%2Fmedia&parent=50"}],"curies":[{"name":"wp","href":"https:\/\/api.w.org\/{rel}","templated":true}]}}